{"id":18079,"date":"2024-09-02T11:00:53","date_gmt":"2024-09-02T09:00:53","guid":{"rendered":"https:\/\/st.awb-werbung.de\/home-st\/"},"modified":"2024-09-13T11:13:53","modified_gmt":"2024-09-13T09:13:53","slug":"home-st","status":"publish","type":"page","link":"https:\/\/st.awb-werbung.de\/sl\/","title":{"rendered":"O N\u00c1S"},"content":{"rendered":"<p>[vc_row row_type=&#8221;row&#8221; type=&#8221;full_width&#8221; in_content_menu=&#8221;&#8221; text_align=&#8221;left&#8221; css_animation=&#8221;&#8221;][vc_column][layerslider_vc id=&#8221;1&#8243;][\/vc_column][\/vc_row][vc_row row_type=&#8221;row&#8221; type=&#8221;grid&#8221; in_content_menu=&#8221;&#8221; text_align=&#8221;left&#8221; css_animation=&#8221;&#8221;][vc_column][vc_empty_space height=&#8221;80px&#8221;][vc_column_text]<\/p>\n<h1 style=\"text-align: center;\">VITAJTE V ST s.r.o.<\/h1>\n<p>[\/vc_column_text][\/vc_column][\/vc_row][vc_row row_type=&#8221;row&#8221; type=&#8221;grid&#8221; in_content_menu=&#8221;&#8221; text_align=&#8221;left&#8221; css_animation=&#8221;&#8221;][vc_column][vc_empty_space height=&#8221;20px&#8221;][vc_column_text]<\/p>\n<h2 style=\"text-align: center;\">PONUKAME PROFESIONALNE FREZOVANIE, BRUSENIE, HOBLOVANIE, VRTANIE A POVRCHOVE KALENIE<\/h2>\n<p>[\/vc_column_text][\/vc_column][\/vc_row][vc_row row_type=&#8221;row&#8221; type=&#8221;full_width&#8221; in_content_menu=&#8221;&#8221; text_align=&#8221;left&#8221; css_animation=&#8221;&#8221;][vc_column][vc_empty_space height=&#8221;60&#8243;][\/vc_column][\/vc_row][vc_row row_type=&#8221;row&#8221; type=&#8221;grid&#8221; in_content_menu=&#8221;&#8221; text_align=&#8221;left&#8221; css_animation=&#8221;&#8221;][vc_column][vc_column_text]<\/p>\n<p style=\"text-align: center;\"><strong>Na\u0161a spolo\u010dnos\u0165 sa \u0161pecializuje na opracovanie ve\u013ek\u00fdch odliatkov,<\/strong><br \/>\nnajm\u00e4 pre obr\u00e1bacie stroje. Spracov\u00e1vame a montujeme na Slovensku pri Bratislave<br \/>\n\u010dasti s\u00fastruhov, ako s\u00fa lo\u017ee , vreten\u00edky, sane,prie\u010dne suporty, pozd\u013a\u017ene suporty,<br \/>\nkon\u00edky, ale aj nosn\u00e9 r\u00e1my,teles\u00e1 a stojany aj pre in\u00e9 druhy obr\u00e1bac\u00edch strojov a zariaden\u00ed.<\/p>\n<p>[\/vc_column_text][vc_empty_space height=&#8221;20&#8243;][vc_column_text]<\/p>\n<p style=\"text-align: center;\"><strong>Ako \u0161pecialista na trieskov\u00e9 opracovanie odliatkov zo sivej liatiny pon\u00fakame<\/strong><br \/>\n<strong>profesion\u00e1lne fr\u00e9zovacie, br\u00fasne, hob\u013eovacie a v\u0155tacie pr\u00e1ce pre ve\u013ek\u00e9 s\u00fa\u010diastky v\u0161etk\u00e9ho druhu.<br \/>\n<\/strong>N\u00e1\u0161 strojov\u00fd park je doplnen\u00fd o kaliaci syst\u00e9m (povrchov\u00e9 kalenie pl\u00f4ch obr\u00e1bac\u00edch strojov).<br \/>\nK dispoz\u00edcii s\u00fa aj kapacity na mont\u00e1\u017ene pr\u00e1ce obr\u00e1bac\u00edch strojov a ich \u010dast\u00ed.<strong><br \/>\n<\/strong><\/p>\n<p>[\/vc_column_text][vc_empty_space height=&#8221;20&#8243;][vc_column_text]<\/p>\n<p style=\"text-align: center;\">Viac ako dvadsa\u0165ro\u010dn\u00e9 sk\u00fasenosti na\u0161ich zamestnancov s\u00fa z\u00e1rukou najvy\u0161\u0161ej presnosti a kvality pri v\u00fdrobe<br \/>\nalebo spracovan\u00ed va\u0161ich komponentov. Garantujeme tie\u017e maxim\u00e1lnu spo\u013eahlivos\u0165 dod\u00e1vky.<\/p>\n<p>[\/vc_column_text][\/vc_column][\/vc_row][vc_row row_type=&#8221;row&#8221; type=&#8221;full_width&#8221; in_content_menu=&#8221;&#8221; text_align=&#8221;left&#8221; css_animation=&#8221;&#8221;][vc_column][vc_empty_space height=&#8221;60&#8243;][\/vc_column][\/vc_row][vc_row row_type=&#8221;row&#8221; type=&#8221;full_width&#8221; in_content_menu=&#8221;&#8221; text_align=&#8221;center&#8221; css_animation=&#8221;&#8221;][vc_column][vc_column_text]<a href=\"tel:0042317842863\"><img loading=\"lazy\" decoding=\"async\" class=\"alignnone wp-image-17511\" src=\"https:\/\/st.awb-werbung.de\/wp-content\/uploads\/2024\/09\/st-icon-tel.png\" alt=\"\" width=\"60\" height=\"60\" \/><\/a>\u00a0 <a href=\"mailto:kontakt@st-spol.smz.com\"><img loading=\"lazy\" decoding=\"async\" class=\"alignnone wp-image-17514\" src=\"https:\/\/st.awb-werbung.de\/wp-content\/uploads\/2024\/09\/st-icon-mail.png\" alt=\"\" width=\"60\" height=\"60\" \/><\/a>[\/vc_column_text][\/vc_column][\/vc_row][vc_row row_type=&#8221;row&#8221; type=&#8221;full_width&#8221; in_content_menu=&#8221;&#8221; text_align=&#8221;left&#8221; css_animation=&#8221;&#8221;][vc_column][vc_empty_space height=&#8221;150px&#8221;][\/vc_column][\/vc_row]<\/p>\n","protected":false},"excerpt":{"rendered":"<p>[vc_row row_type=&#8221;row&#8221; type=&#8221;full_width&#8221; in_content_menu=&#8221;&#8221; text_align=&#8221;left&#8221; css_animation=&#8221;&#8221;][vc_column][layerslider_vc id=&#8221;1&#8243;][\/vc_column][\/vc_row][vc_row row_type=&#8221;row&#8221; type=&#8221;grid&#8221; in_content_menu=&#8221;&#8221; text_align=&#8221;left&#8221; css_animation=&#8221;&#8221;][vc_column][vc_empty_space height=&#8221;80px&#8221;][vc_column_text] VITAJTE V ST s.r.o. [\/vc_column_text][\/vc_column][\/vc_row][vc_row row_type=&#8221;row&#8221; type=&#8221;grid&#8221; in_content_menu=&#8221;&#8221; text_align=&#8221;left&#8221; css_animation=&#8221;&#8221;][vc_column][vc_empty_space height=&#8221;20px&#8221;][vc_column_text] PONUKAME PROFESIONALNE FREZOVANIE, BRUSENIE, HOBLOVANIE, VRTANIE A POVRCHOVE KALENIE [\/vc_column_text][\/vc_column][\/vc_row][vc_row row_type=&#8221;row&#8221; type=&#8221;full_width&#8221; in_content_menu=&#8221;&#8221; text_align=&#8221;left&#8221; css_animation=&#8221;&#8221;][vc_column][vc_empty_space height=&#8221;60&#8243;][\/vc_column][\/vc_row][vc_row row_type=&#8221;row&#8221; type=&#8221;grid&#8221; in_content_menu=&#8221;&#8221; text_align=&#8221;left&#8221; css_animation=&#8221;&#8221;][vc_column][vc_column_text]&#8230;<\/p>\n","protected":false},"author":1,"featured_media":0,"parent":0,"menu_order":0,"comment_status":"open","ping_status":"open","template":"full_width.php","meta":{"_seopress_robots_primary_cat":"","_seopress_titles_title":"","_seopress_titles_desc":"","_seopress_robots_index":"","footnotes":""},"class_list":["post-18079","page","type-page","status-publish","hentry"],"_links":{"self":[{"href":"https:\/\/st.awb-werbung.de\/sl\/wp-json\/wp\/v2\/pages\/18079","targetHints":{"allow":["GET"]}}],"collection":[{"href":"https:\/\/st.awb-werbung.de\/sl\/wp-json\/wp\/v2\/pages"}],"about":[{"href":"https:\/\/st.awb-werbung.de\/sl\/wp-json\/wp\/v2\/types\/page"}],"author":[{"embeddable":true,"href":"https:\/\/st.awb-werbung.de\/sl\/wp-json\/wp\/v2\/users\/1"}],"replies":[{"embeddable":true,"href":"https:\/\/st.awb-werbung.de\/sl\/wp-json\/wp\/v2\/comments?post=18079"}],"version-history":[{"count":7,"href":"https:\/\/st.awb-werbung.de\/sl\/wp-json\/wp\/v2\/pages\/18079\/revisions"}],"predecessor-version":[{"id":18154,"href":"https:\/\/st.awb-werbung.de\/sl\/wp-json\/wp\/v2\/pages\/18079\/revisions\/18154"}],"wp:attachment":[{"href":"https:\/\/st.awb-werbung.de\/sl\/wp-json\/wp\/v2\/media?parent=18079"}],"curies":[{"name":"wp","href":"https:\/\/api.w.org\/{rel}","templated":true}]}}